{"id":1156,"date":"2025-10-26T00:28:19","date_gmt":"2025-10-25T21:28:19","guid":{"rendered":"https:\/\/www.maison44.ro\/?post_type=product&#038;p=1156"},"modified":"2026-02-12T19:07:54","modified_gmt":"2026-02-12T17:07:54","slug":"blouse-bodysuit","status":"publish","type":"product","link":"https:\/\/www.maison44.ro\/ro\/produs\/blouse-bodysuit\/","title":{"rendered":"BLUZ\u0102-BODY"},"content":{"rendered":"","protected":false},"excerpt":{"rendered":"<p>Bluz\u0103-body - Negru<br \/>\nBluz\u0103-body neagr\u0103 din material u\u0219or \u0219i transparent. Modelul are guler \u00eenalt tip stand-up \u0219i m\u00e2neci largi, care ofer\u0103 un efect de lejeritate \u0219i rafinament. Drapajele fine din partea superioar\u0103 adaug\u0103 volum \u0219i o dinamic\u0103 elegant\u0103. Partea inferioar\u0103 este realizat\u0103 \u00een stilul unui body clasic, pentru o potrivire perfect\u0103 \u0219i confort la purtare. O alegere ideal\u0103 pentru \u021binute de sear\u0103, look-uri elegante de s\u0103rb\u0103toare sau outfituri office creative.<\/p>","protected":false},"featured_media":1162,"template":"","meta":[],"product_brand":[],"product_cat":[21],"product_tag":[],"class_list":{"0":"post-1156","1":"product","2":"type-product","3":"status-publish","4":"has-post-thumbnail","6":"product_cat-shirts-cardigans","8":"first","9":"instock","10":"shipping-taxable","11":"purchasable","12":"product-type-variable","13":"has-default-attributes"},"yoast_head":"<!-- This site is optimized with the Yoast SEO plugin v27.6 - https:\/\/yoast.com\/product\/yoast-seo-wordpress\/ -->\n<title>BLOUSE-BODYSUIT - maison44<\/title>\n<meta name=\"robots\" content=\"index, follow, max-snippet:-1, max-image-preview:large, max-video-preview:-1\" \/>\n<link rel=\"canonical\" href=\"https:\/\/www.maison44.ro\/ro\/produs\/blouse-bodysuit\/\" \/>\n<meta property=\"og:locale\" content=\"ro_RO\" \/>\n<meta property=\"og:type\" content=\"article\" \/>\n<meta property=\"og:title\" content=\"BLOUSE-BODYSUIT - maison44\" \/>\n<meta property=\"og:description\" content=\"Blouse-bodysuit - Black Black blouse-bodysuit made of lightweight transparent fabric. The model features a high stand-up collar and loose sleeves that create an effect of lightness and sophistication. Soft draping on the upper part adds volume and elegant movement to the piece. The lower part is designed as a classic bodysuit for a perfect fit and comfort in wear. An ideal choice for evening outings, stylish festive looks, or creative formal outfits.\" \/>\n<meta property=\"og:url\" content=\"https:\/\/www.maison44.ro\/ro\/produs\/blouse-bodysuit\/\" \/>\n<meta property=\"og:site_name\" content=\"maison44\" \/>\n<meta property=\"article:modified_time\" content=\"2026-02-12T17:07:54+00:00\" \/>\n<meta property=\"og:image\" content=\"https:\/\/www.maison44.ro\/media\/blouse-bodysuit-black.webp\" \/>\n\t<meta property=\"og:image:width\" content=\"1800\" \/>\n\t<meta property=\"og:image:height\" content=\"2400\" \/>\n\t<meta property=\"og:image:type\" content=\"image\/webp\" \/>\n<meta name=\"twitter:card\" content=\"summary_large_image\" \/>\n<meta name=\"twitter:label1\" content=\"Timp estimat pentru citire\" \/>\n\t<meta name=\"twitter:data1\" content=\"1 minut\" \/>\n<script type=\"application\/ld+json\" class=\"yoast-schema-graph\">{\"@context\":\"https:\\\/\\\/schema.org\",\"@graph\":[{\"@type\":\"WebPage\",\"@id\":\"https:\\\/\\\/www.maison44.ro\\\/product\\\/blouse-bodysuit\\\/\",\"url\":\"https:\\\/\\\/www.maison44.ro\\\/product\\\/blouse-bodysuit\\\/\",\"name\":\"BLOUSE-BODYSUIT - maison44\",\"isPartOf\":{\"@id\":\"https:\\\/\\\/www.maison44.ro\\\/#website\"},\"primaryImageOfPage\":{\"@id\":\"https:\\\/\\\/www.maison44.ro\\\/product\\\/blouse-bodysuit\\\/#primaryimage\"},\"image\":{\"@id\":\"https:\\\/\\\/www.maison44.ro\\\/product\\\/blouse-bodysuit\\\/#primaryimage\"},\"thumbnailUrl\":\"https:\\\/\\\/www.maison44.ro\\\/media\\\/blouse-bodysuit-black.webp\",\"datePublished\":\"2025-10-25T21:28:19+00:00\",\"dateModified\":\"2026-02-12T17:07:54+00:00\",\"breadcrumb\":{\"@id\":\"https:\\\/\\\/www.maison44.ro\\\/product\\\/blouse-bodysuit\\\/#breadcrumb\"},\"inLanguage\":\"ro-RO\",\"potentialAction\":[{\"@type\":\"ReadAction\",\"target\":[\"https:\\\/\\\/www.maison44.ro\\\/product\\\/blouse-bodysuit\\\/\"]}]},{\"@type\":\"ImageObject\",\"inLanguage\":\"ro-RO\",\"@id\":\"https:\\\/\\\/www.maison44.ro\\\/product\\\/blouse-bodysuit\\\/#primaryimage\",\"url\":\"https:\\\/\\\/www.maison44.ro\\\/media\\\/blouse-bodysuit-black.webp\",\"contentUrl\":\"https:\\\/\\\/www.maison44.ro\\\/media\\\/blouse-bodysuit-black.webp\",\"width\":1800,\"height\":2400,\"caption\":\"BLOUSE-BODYSUIT - BLACK\"},{\"@type\":\"BreadcrumbList\",\"@id\":\"https:\\\/\\\/www.maison44.ro\\\/product\\\/blouse-bodysuit\\\/#breadcrumb\",\"itemListElement\":[{\"@type\":\"ListItem\",\"position\":1,\"name\":\"Home\",\"item\":\"https:\\\/\\\/www.maison44.ro\\\/\"},{\"@type\":\"ListItem\",\"position\":2,\"name\":\"Catalog\",\"item\":\"https:\\\/\\\/www.maison44.ro\\\/catalog\\\/\"},{\"@type\":\"ListItem\",\"position\":3,\"name\":\"BLOUSE-BODYSUIT\"}]},{\"@type\":\"WebSite\",\"@id\":\"https:\\\/\\\/www.maison44.ro\\\/#website\",\"url\":\"https:\\\/\\\/www.maison44.ro\\\/\",\"name\":\"maison44\",\"description\":\"\",\"publisher\":{\"@id\":\"https:\\\/\\\/www.maison44.ro\\\/#organization\"},\"potentialAction\":[{\"@type\":\"SearchAction\",\"target\":{\"@type\":\"EntryPoint\",\"urlTemplate\":\"https:\\\/\\\/www.maison44.ro\\\/?s={search_term_string}\"},\"query-input\":{\"@type\":\"PropertyValueSpecification\",\"valueRequired\":true,\"valueName\":\"search_term_string\"}}],\"inLanguage\":\"ro-RO\"},{\"@type\":\"Organization\",\"@id\":\"https:\\\/\\\/www.maison44.ro\\\/#organization\",\"name\":\"maison44\",\"url\":\"https:\\\/\\\/www.maison44.ro\\\/\",\"logo\":{\"@type\":\"ImageObject\",\"inLanguage\":\"ro-RO\",\"@id\":\"https:\\\/\\\/www.maison44.ro\\\/#\\\/schema\\\/logo\\\/image\\\/\",\"url\":\"https:\\\/\\\/www.maison44.ro\\\/media\\\/logo.jpg\",\"contentUrl\":\"https:\\\/\\\/www.maison44.ro\\\/media\\\/logo.jpg\",\"width\":1000,\"height\":1000,\"caption\":\"maison44\"},\"image\":{\"@id\":\"https:\\\/\\\/www.maison44.ro\\\/#\\\/schema\\\/logo\\\/image\\\/\"}}]}<\/script>\n<!-- \/ Yoast SEO plugin. -->","yoast_head_json":{"title":"BLOUSE-BODYSUIT - maison44","robots":{"index":"index","follow":"follow","max-snippet":"max-snippet:-1","max-image-preview":"max-image-preview:large","max-video-preview":"max-video-preview:-1"},"canonical":"https:\/\/www.maison44.ro\/ro\/produs\/blouse-bodysuit\/","og_locale":"ro_RO","og_type":"article","og_title":"BLOUSE-BODYSUIT - maison44","og_description":"Blouse-bodysuit - Black Black blouse-bodysuit made of lightweight transparent fabric. The model features a high stand-up collar and loose sleeves that create an effect of lightness and sophistication. Soft draping on the upper part adds volume and elegant movement to the piece. The lower part is designed as a classic bodysuit for a perfect fit and comfort in wear. An ideal choice for evening outings, stylish festive looks, or creative formal outfits.","og_url":"https:\/\/www.maison44.ro\/ro\/produs\/blouse-bodysuit\/","og_site_name":"maison44","article_modified_time":"2026-02-12T17:07:54+00:00","og_image":[{"width":1800,"height":2400,"url":"https:\/\/www.maison44.ro\/media\/blouse-bodysuit-black.webp","type":"image\/webp"}],"twitter_card":"summary_large_image","twitter_misc":{"Timp estimat pentru citire":"1 minut"},"schema":{"@context":"https:\/\/schema.org","@graph":[{"@type":"WebPage","@id":"https:\/\/www.maison44.ro\/product\/blouse-bodysuit\/","url":"https:\/\/www.maison44.ro\/product\/blouse-bodysuit\/","name":"BLOUSE-BODYSUIT - maison44","isPartOf":{"@id":"https:\/\/www.maison44.ro\/#website"},"primaryImageOfPage":{"@id":"https:\/\/www.maison44.ro\/product\/blouse-bodysuit\/#primaryimage"},"image":{"@id":"https:\/\/www.maison44.ro\/product\/blouse-bodysuit\/#primaryimage"},"thumbnailUrl":"https:\/\/www.maison44.ro\/media\/blouse-bodysuit-black.webp","datePublished":"2025-10-25T21:28:19+00:00","dateModified":"2026-02-12T17:07:54+00:00","breadcrumb":{"@id":"https:\/\/www.maison44.ro\/product\/blouse-bodysuit\/#breadcrumb"},"inLanguage":"ro-RO","potentialAction":[{"@type":"ReadAction","target":["https:\/\/www.maison44.ro\/product\/blouse-bodysuit\/"]}]},{"@type":"ImageObject","inLanguage":"ro-RO","@id":"https:\/\/www.maison44.ro\/product\/blouse-bodysuit\/#primaryimage","url":"https:\/\/www.maison44.ro\/media\/blouse-bodysuit-black.webp","contentUrl":"https:\/\/www.maison44.ro\/media\/blouse-bodysuit-black.webp","width":1800,"height":2400,"caption":"BLOUSE-BODYSUIT - BLACK"},{"@type":"BreadcrumbList","@id":"https:\/\/www.maison44.ro\/product\/blouse-bodysuit\/#breadcrumb","itemListElement":[{"@type":"ListItem","position":1,"name":"Home","item":"https:\/\/www.maison44.ro\/"},{"@type":"ListItem","position":2,"name":"Catalog","item":"https:\/\/www.maison44.ro\/catalog\/"},{"@type":"ListItem","position":3,"name":"BLOUSE-BODYSUIT"}]},{"@type":"WebSite","@id":"https:\/\/www.maison44.ro\/#website","url":"https:\/\/www.maison44.ro\/","name":"maison44","description":"","publisher":{"@id":"https:\/\/www.maison44.ro\/#organization"},"potentialAction":[{"@type":"SearchAction","target":{"@type":"EntryPoint","urlTemplate":"https:\/\/www.maison44.ro\/?s={search_term_string}"},"query-input":{"@type":"PropertyValueSpecification","valueRequired":true,"valueName":"search_term_string"}}],"inLanguage":"ro-RO"},{"@type":"Organization","@id":"https:\/\/www.maison44.ro\/#organization","name":"maison44","url":"https:\/\/www.maison44.ro\/","logo":{"@type":"ImageObject","inLanguage":"ro-RO","@id":"https:\/\/www.maison44.ro\/#\/schema\/logo\/image\/","url":"https:\/\/www.maison44.ro\/media\/logo.jpg","contentUrl":"https:\/\/www.maison44.ro\/media\/logo.jpg","width":1000,"height":1000,"caption":"maison44"},"image":{"@id":"https:\/\/www.maison44.ro\/#\/schema\/logo\/image\/"}}]}},"_links":{"self":[{"href":"https:\/\/www.maison44.ro\/ro\/wp-json\/wp\/v2\/product\/1156","targetHints":{"allow":["GET"]}}],"collection":[{"href":"https:\/\/www.maison44.ro\/ro\/wp-json\/wp\/v2\/product"}],"about":[{"href":"https:\/\/www.maison44.ro\/ro\/wp-json\/wp\/v2\/types\/product"}],"wp:featuredmedia":[{"embeddable":true,"href":"https:\/\/www.maison44.ro\/ro\/wp-json\/wp\/v2\/media\/1162"}],"wp:attachment":[{"href":"https:\/\/www.maison44.ro\/ro\/wp-json\/wp\/v2\/media?parent=1156"}],"wp:term":[{"taxonomy":"product_brand","embeddable":true,"href":"https:\/\/www.maison44.ro\/ro\/wp-json\/wp\/v2\/product_brand?post=1156"},{"taxonomy":"product_cat","embeddable":true,"href":"https:\/\/www.maison44.ro\/ro\/wp-json\/wp\/v2\/product_cat?post=1156"},{"taxonomy":"product_tag","embeddable":true,"href":"https:\/\/www.maison44.ro\/ro\/wp-json\/wp\/v2\/product_tag?post=1156"}],"curies":[{"name":"wp","href":"https:\/\/api.w.org\/{rel}","templated":true}]}}