{"id":1425,"date":"2025-11-21T13:57:58","date_gmt":"2025-11-21T11:57:58","guid":{"rendered":"https:\/\/www.maison44.ro\/?post_type=product&#038;p=1425"},"modified":"2026-02-12T18:52:08","modified_gmt":"2026-02-12T16:52:08","slug":"asol-jumpsuit","status":"publish","type":"product","link":"https:\/\/www.maison44.ro\/ro\/produs\/asol-jumpsuit\/","title":{"rendered":"SALOPET\u0102 ASOL"},"content":{"rendered":"","protected":false},"excerpt":{"rendered":"<p>O salopet\u0103 neagr\u0103 stylish, cu un design \u00eendr\u0103zne\u021b, dar rafinat. Partea de sus are un croi tip crop-top cu un detaliu metalic \u0219i un decupaj spectaculos care eviden\u021biaz\u0103 zona decolteului. M\u00e2necele lungi \u0219i materialul dens \u0219i elastic ofer\u0103 un echilibru perfect \u00eentre senzualitate \u0219i elegan\u021b\u0103. Ideal\u0103 pentru ie\u0219iri de sear\u0103, cine \u0219i evenimente fashion.<\/p>","protected":false},"featured_media":1426,"template":"","meta":[],"product_brand":[],"product_cat":[27],"product_tag":[],"class_list":{"0":"post-1425","1":"product","2":"type-product","3":"status-publish","4":"has-post-thumbnail","6":"product_cat-jumpsuits","8":"first","9":"onbackorder","10":"shipping-taxable","11":"purchasable","12":"product-type-variable","13":"has-default-attributes"},"yoast_head":"<!-- This site is optimized with the Yoast SEO plugin v27.6 - https:\/\/yoast.com\/product\/yoast-seo-wordpress\/ -->\n<title>ASOL JUMPSUIT - maison44<\/title>\n<meta name=\"robots\" content=\"index, follow, max-snippet:-1, max-image-preview:large, max-video-preview:-1\" \/>\n<link rel=\"canonical\" href=\"https:\/\/www.maison44.ro\/ro\/produs\/asol-jumpsuit\/\" \/>\n<meta property=\"og:locale\" content=\"ro_RO\" \/>\n<meta property=\"og:type\" content=\"article\" \/>\n<meta property=\"og:title\" content=\"ASOL JUMPSUIT - maison44\" \/>\n<meta property=\"og:description\" content=\"A chic black jumpsuit with a bold yet refined design. The top features a cropped silhouette with a ring detail and an eye-catching cut-out that beautifully highlights the d\u00e9collet\u00e9. Long sleeves and the dense, stretchy fabric create a perfect balance between daring and elegance. Ideal for evening outings, dinners, and fashionable events.\" \/>\n<meta property=\"og:url\" content=\"https:\/\/www.maison44.ro\/ro\/produs\/asol-jumpsuit\/\" \/>\n<meta property=\"og:site_name\" content=\"maison44\" \/>\n<meta property=\"article:modified_time\" content=\"2026-02-12T16:52:08+00:00\" \/>\n<meta property=\"og:image\" content=\"https:\/\/www.maison44.ro\/media\/asol-jumpsuit-black.webp\" \/>\n\t<meta property=\"og:image:width\" content=\"1125\" \/>\n\t<meta property=\"og:image:height\" content=\"1500\" \/>\n\t<meta property=\"og:image:type\" content=\"image\/webp\" \/>\n<meta name=\"twitter:card\" content=\"summary_large_image\" \/>\n<meta name=\"twitter:label1\" content=\"Timp estimat pentru citire\" \/>\n\t<meta name=\"twitter:data1\" content=\"1 minut\" \/>\n<script type=\"application\/ld+json\" class=\"yoast-schema-graph\">{\"@context\":\"https:\\\/\\\/schema.org\",\"@graph\":[{\"@type\":\"WebPage\",\"@id\":\"https:\\\/\\\/www.maison44.ro\\\/product\\\/asol-jumpsuit\\\/\",\"url\":\"https:\\\/\\\/www.maison44.ro\\\/product\\\/asol-jumpsuit\\\/\",\"name\":\"ASOL JUMPSUIT - maison44\",\"isPartOf\":{\"@id\":\"https:\\\/\\\/www.maison44.ro\\\/#website\"},\"primaryImageOfPage\":{\"@id\":\"https:\\\/\\\/www.maison44.ro\\\/product\\\/asol-jumpsuit\\\/#primaryimage\"},\"image\":{\"@id\":\"https:\\\/\\\/www.maison44.ro\\\/product\\\/asol-jumpsuit\\\/#primaryimage\"},\"thumbnailUrl\":\"https:\\\/\\\/www.maison44.ro\\\/media\\\/asol-jumpsuit-black.webp\",\"datePublished\":\"2025-11-21T11:57:58+00:00\",\"dateModified\":\"2026-02-12T16:52:08+00:00\",\"breadcrumb\":{\"@id\":\"https:\\\/\\\/www.maison44.ro\\\/product\\\/asol-jumpsuit\\\/#breadcrumb\"},\"inLanguage\":\"ro-RO\",\"potentialAction\":[{\"@type\":\"ReadAction\",\"target\":[\"https:\\\/\\\/www.maison44.ro\\\/product\\\/asol-jumpsuit\\\/\"]}]},{\"@type\":\"ImageObject\",\"inLanguage\":\"ro-RO\",\"@id\":\"https:\\\/\\\/www.maison44.ro\\\/product\\\/asol-jumpsuit\\\/#primaryimage\",\"url\":\"https:\\\/\\\/www.maison44.ro\\\/media\\\/asol-jumpsuit-black.webp\",\"contentUrl\":\"https:\\\/\\\/www.maison44.ro\\\/media\\\/asol-jumpsuit-black.webp\",\"width\":1125,\"height\":1500,\"caption\":\"ASOL JUMPSUIT BLACK\"},{\"@type\":\"BreadcrumbList\",\"@id\":\"https:\\\/\\\/www.maison44.ro\\\/product\\\/asol-jumpsuit\\\/#breadcrumb\",\"itemListElement\":[{\"@type\":\"ListItem\",\"position\":1,\"name\":\"Home\",\"item\":\"https:\\\/\\\/www.maison44.ro\\\/\"},{\"@type\":\"ListItem\",\"position\":2,\"name\":\"Catalog\",\"item\":\"https:\\\/\\\/www.maison44.ro\\\/catalog\\\/\"},{\"@type\":\"ListItem\",\"position\":3,\"name\":\"ASOL JUMPSUIT\"}]},{\"@type\":\"WebSite\",\"@id\":\"https:\\\/\\\/www.maison44.ro\\\/#website\",\"url\":\"https:\\\/\\\/www.maison44.ro\\\/\",\"name\":\"maison44\",\"description\":\"\",\"publisher\":{\"@id\":\"https:\\\/\\\/www.maison44.ro\\\/#organization\"},\"potentialAction\":[{\"@type\":\"SearchAction\",\"target\":{\"@type\":\"EntryPoint\",\"urlTemplate\":\"https:\\\/\\\/www.maison44.ro\\\/?s={search_term_string}\"},\"query-input\":{\"@type\":\"PropertyValueSpecification\",\"valueRequired\":true,\"valueName\":\"search_term_string\"}}],\"inLanguage\":\"ro-RO\"},{\"@type\":\"Organization\",\"@id\":\"https:\\\/\\\/www.maison44.ro\\\/#organization\",\"name\":\"maison44\",\"url\":\"https:\\\/\\\/www.maison44.ro\\\/\",\"logo\":{\"@type\":\"ImageObject\",\"inLanguage\":\"ro-RO\",\"@id\":\"https:\\\/\\\/www.maison44.ro\\\/#\\\/schema\\\/logo\\\/image\\\/\",\"url\":\"https:\\\/\\\/www.maison44.ro\\\/media\\\/logo.jpg\",\"contentUrl\":\"https:\\\/\\\/www.maison44.ro\\\/media\\\/logo.jpg\",\"width\":1000,\"height\":1000,\"caption\":\"maison44\"},\"image\":{\"@id\":\"https:\\\/\\\/www.maison44.ro\\\/#\\\/schema\\\/logo\\\/image\\\/\"}}]}<\/script>\n<!-- \/ Yoast SEO plugin. -->","yoast_head_json":{"title":"ASOL JUMPSUIT - maison44","robots":{"index":"index","follow":"follow","max-snippet":"max-snippet:-1","max-image-preview":"max-image-preview:large","max-video-preview":"max-video-preview:-1"},"canonical":"https:\/\/www.maison44.ro\/ro\/produs\/asol-jumpsuit\/","og_locale":"ro_RO","og_type":"article","og_title":"ASOL JUMPSUIT - maison44","og_description":"A chic black jumpsuit with a bold yet refined design. The top features a cropped silhouette with a ring detail and an eye-catching cut-out that beautifully highlights the d\u00e9collet\u00e9. Long sleeves and the dense, stretchy fabric create a perfect balance between daring and elegance. Ideal for evening outings, dinners, and fashionable events.","og_url":"https:\/\/www.maison44.ro\/ro\/produs\/asol-jumpsuit\/","og_site_name":"maison44","article_modified_time":"2026-02-12T16:52:08+00:00","og_image":[{"width":1125,"height":1500,"url":"https:\/\/www.maison44.ro\/media\/asol-jumpsuit-black.webp","type":"image\/webp"}],"twitter_card":"summary_large_image","twitter_misc":{"Timp estimat pentru citire":"1 minut"},"schema":{"@context":"https:\/\/schema.org","@graph":[{"@type":"WebPage","@id":"https:\/\/www.maison44.ro\/product\/asol-jumpsuit\/","url":"https:\/\/www.maison44.ro\/product\/asol-jumpsuit\/","name":"ASOL JUMPSUIT - maison44","isPartOf":{"@id":"https:\/\/www.maison44.ro\/#website"},"primaryImageOfPage":{"@id":"https:\/\/www.maison44.ro\/product\/asol-jumpsuit\/#primaryimage"},"image":{"@id":"https:\/\/www.maison44.ro\/product\/asol-jumpsuit\/#primaryimage"},"thumbnailUrl":"https:\/\/www.maison44.ro\/media\/asol-jumpsuit-black.webp","datePublished":"2025-11-21T11:57:58+00:00","dateModified":"2026-02-12T16:52:08+00:00","breadcrumb":{"@id":"https:\/\/www.maison44.ro\/product\/asol-jumpsuit\/#breadcrumb"},"inLanguage":"ro-RO","potentialAction":[{"@type":"ReadAction","target":["https:\/\/www.maison44.ro\/product\/asol-jumpsuit\/"]}]},{"@type":"ImageObject","inLanguage":"ro-RO","@id":"https:\/\/www.maison44.ro\/product\/asol-jumpsuit\/#primaryimage","url":"https:\/\/www.maison44.ro\/media\/asol-jumpsuit-black.webp","contentUrl":"https:\/\/www.maison44.ro\/media\/asol-jumpsuit-black.webp","width":1125,"height":1500,"caption":"ASOL JUMPSUIT BLACK"},{"@type":"BreadcrumbList","@id":"https:\/\/www.maison44.ro\/product\/asol-jumpsuit\/#breadcrumb","itemListElement":[{"@type":"ListItem","position":1,"name":"Home","item":"https:\/\/www.maison44.ro\/"},{"@type":"ListItem","position":2,"name":"Catalog","item":"https:\/\/www.maison44.ro\/catalog\/"},{"@type":"ListItem","position":3,"name":"ASOL JUMPSUIT"}]},{"@type":"WebSite","@id":"https:\/\/www.maison44.ro\/#website","url":"https:\/\/www.maison44.ro\/","name":"maison44","description":"","publisher":{"@id":"https:\/\/www.maison44.ro\/#organization"},"potentialAction":[{"@type":"SearchAction","target":{"@type":"EntryPoint","urlTemplate":"https:\/\/www.maison44.ro\/?s={search_term_string}"},"query-input":{"@type":"PropertyValueSpecification","valueRequired":true,"valueName":"search_term_string"}}],"inLanguage":"ro-RO"},{"@type":"Organization","@id":"https:\/\/www.maison44.ro\/#organization","name":"maison44","url":"https:\/\/www.maison44.ro\/","logo":{"@type":"ImageObject","inLanguage":"ro-RO","@id":"https:\/\/www.maison44.ro\/#\/schema\/logo\/image\/","url":"https:\/\/www.maison44.ro\/media\/logo.jpg","contentUrl":"https:\/\/www.maison44.ro\/media\/logo.jpg","width":1000,"height":1000,"caption":"maison44"},"image":{"@id":"https:\/\/www.maison44.ro\/#\/schema\/logo\/image\/"}}]}},"_links":{"self":[{"href":"https:\/\/www.maison44.ro\/ro\/wp-json\/wp\/v2\/product\/1425","targetHints":{"allow":["GET"]}}],"collection":[{"href":"https:\/\/www.maison44.ro\/ro\/wp-json\/wp\/v2\/product"}],"about":[{"href":"https:\/\/www.maison44.ro\/ro\/wp-json\/wp\/v2\/types\/product"}],"wp:featuredmedia":[{"embeddable":true,"href":"https:\/\/www.maison44.ro\/ro\/wp-json\/wp\/v2\/media\/1426"}],"wp:attachment":[{"href":"https:\/\/www.maison44.ro\/ro\/wp-json\/wp\/v2\/media?parent=1425"}],"wp:term":[{"taxonomy":"product_brand","embeddable":true,"href":"https:\/\/www.maison44.ro\/ro\/wp-json\/wp\/v2\/product_brand?post=1425"},{"taxonomy":"product_cat","embeddable":true,"href":"https:\/\/www.maison44.ro\/ro\/wp-json\/wp\/v2\/product_cat?post=1425"},{"taxonomy":"product_tag","embeddable":true,"href":"https:\/\/www.maison44.ro\/ro\/wp-json\/wp\/v2\/product_tag?post=1425"}],"curies":[{"name":"wp","href":"https:\/\/api.w.org\/{rel}","templated":true}]}}