{"id":248,"date":"2025-09-28T19:34:47","date_gmt":"2025-09-28T16:34:47","guid":{"rendered":"https:\/\/www.maison44.ro\/?post_type=product&#038;p=248"},"modified":"2026-02-12T19:49:58","modified_gmt":"2026-02-12T17:49:58","slug":"crystal-suit","status":"publish","type":"product","link":"https:\/\/www.maison44.ro\/ro\/produs\/crystal-suit\/","title":{"rendered":"COSTUM CRYSTAL"},"content":{"rendered":"","protected":false},"excerpt":{"rendered":"<p>Set spectaculos nude: top scurt cu bretele \u0219i fust\u0103 lung\u0103 din plas\u0103 cu cristale, av\u00e2nd pantaloni scur\u021bi dedesubt. Alegere \u00eendr\u0103znea\u021b\u0103 \u0219i rafinat\u0103 pentru seri speciale.<\/p>","protected":false},"featured_media":249,"template":"","meta":[],"product_brand":[],"product_cat":[20],"product_tag":[],"class_list":{"0":"post-248","1":"product","2":"type-product","3":"status-publish","4":"has-post-thumbnail","6":"product_cat-suits","8":"first","9":"instock","10":"shipping-taxable","11":"purchasable","12":"product-type-variable","13":"has-default-attributes"},"yoast_head":"<!-- This site is optimized with the Yoast SEO plugin v27.6 - https:\/\/yoast.com\/product\/yoast-seo-wordpress\/ -->\n<title>CRYSTAL SUIT - maison44<\/title>\n<meta name=\"robots\" content=\"index, follow, max-snippet:-1, max-image-preview:large, max-video-preview:-1\" \/>\n<link rel=\"canonical\" href=\"https:\/\/www.maison44.ro\/ro\/produs\/crystal-suit\/\" \/>\n<meta property=\"og:locale\" content=\"ro_RO\" \/>\n<meta property=\"og:type\" content=\"article\" \/>\n<meta property=\"og:title\" content=\"CRYSTAL SUIT - maison44\" \/>\n<meta property=\"og:description\" content=\"Stunning nude set: crystal-embellished crop top with straps and a long mesh skirt layered over shorts. A bold yet elegant choice for parties and special occasions.\" \/>\n<meta property=\"og:url\" content=\"https:\/\/www.maison44.ro\/ro\/produs\/crystal-suit\/\" \/>\n<meta property=\"og:site_name\" content=\"maison44\" \/>\n<meta property=\"article:modified_time\" content=\"2026-02-12T17:49:58+00:00\" \/>\n<meta property=\"og:image\" content=\"https:\/\/www.maison44.ro\/media\/crystal-suit-nude.webp\" \/>\n\t<meta property=\"og:image:width\" content=\"900\" \/>\n\t<meta property=\"og:image:height\" content=\"1200\" \/>\n\t<meta property=\"og:image:type\" content=\"image\/webp\" \/>\n<meta name=\"twitter:card\" content=\"summary_large_image\" \/>\n<meta name=\"twitter:label1\" content=\"Timp estimat pentru citire\" \/>\n\t<meta name=\"twitter:data1\" content=\"1 minut\" \/>\n<script type=\"application\/ld+json\" class=\"yoast-schema-graph\">{\"@context\":\"https:\\\/\\\/schema.org\",\"@graph\":[{\"@type\":\"WebPage\",\"@id\":\"https:\\\/\\\/www.maison44.ro\\\/product\\\/crystal-suit\\\/\",\"url\":\"https:\\\/\\\/www.maison44.ro\\\/product\\\/crystal-suit\\\/\",\"name\":\"CRYSTAL SUIT - maison44\",\"isPartOf\":{\"@id\":\"https:\\\/\\\/www.maison44.ro\\\/#website\"},\"primaryImageOfPage\":{\"@id\":\"https:\\\/\\\/www.maison44.ro\\\/product\\\/crystal-suit\\\/#primaryimage\"},\"image\":{\"@id\":\"https:\\\/\\\/www.maison44.ro\\\/product\\\/crystal-suit\\\/#primaryimage\"},\"thumbnailUrl\":\"https:\\\/\\\/www.maison44.ro\\\/media\\\/crystal-suit-nude.webp\",\"datePublished\":\"2025-09-28T16:34:47+00:00\",\"dateModified\":\"2026-02-12T17:49:58+00:00\",\"breadcrumb\":{\"@id\":\"https:\\\/\\\/www.maison44.ro\\\/product\\\/crystal-suit\\\/#breadcrumb\"},\"inLanguage\":\"ro-RO\",\"potentialAction\":[{\"@type\":\"ReadAction\",\"target\":[\"https:\\\/\\\/www.maison44.ro\\\/product\\\/crystal-suit\\\/\"]}]},{\"@type\":\"ImageObject\",\"inLanguage\":\"ro-RO\",\"@id\":\"https:\\\/\\\/www.maison44.ro\\\/product\\\/crystal-suit\\\/#primaryimage\",\"url\":\"https:\\\/\\\/www.maison44.ro\\\/media\\\/crystal-suit-nude.webp\",\"contentUrl\":\"https:\\\/\\\/www.maison44.ro\\\/media\\\/crystal-suit-nude.webp\",\"width\":900,\"height\":1200,\"caption\":\"Crystal suit - nude top with skirt\"},{\"@type\":\"BreadcrumbList\",\"@id\":\"https:\\\/\\\/www.maison44.ro\\\/product\\\/crystal-suit\\\/#breadcrumb\",\"itemListElement\":[{\"@type\":\"ListItem\",\"position\":1,\"name\":\"Home\",\"item\":\"https:\\\/\\\/www.maison44.ro\\\/\"},{\"@type\":\"ListItem\",\"position\":2,\"name\":\"Catalog\",\"item\":\"https:\\\/\\\/www.maison44.ro\\\/catalog\\\/\"},{\"@type\":\"ListItem\",\"position\":3,\"name\":\"CRYSTAL SUIT\"}]},{\"@type\":\"WebSite\",\"@id\":\"https:\\\/\\\/www.maison44.ro\\\/#website\",\"url\":\"https:\\\/\\\/www.maison44.ro\\\/\",\"name\":\"maison44\",\"description\":\"\",\"publisher\":{\"@id\":\"https:\\\/\\\/www.maison44.ro\\\/#organization\"},\"potentialAction\":[{\"@type\":\"SearchAction\",\"target\":{\"@type\":\"EntryPoint\",\"urlTemplate\":\"https:\\\/\\\/www.maison44.ro\\\/?s={search_term_string}\"},\"query-input\":{\"@type\":\"PropertyValueSpecification\",\"valueRequired\":true,\"valueName\":\"search_term_string\"}}],\"inLanguage\":\"ro-RO\"},{\"@type\":\"Organization\",\"@id\":\"https:\\\/\\\/www.maison44.ro\\\/#organization\",\"name\":\"maison44\",\"url\":\"https:\\\/\\\/www.maison44.ro\\\/\",\"logo\":{\"@type\":\"ImageObject\",\"inLanguage\":\"ro-RO\",\"@id\":\"https:\\\/\\\/www.maison44.ro\\\/#\\\/schema\\\/logo\\\/image\\\/\",\"url\":\"https:\\\/\\\/www.maison44.ro\\\/media\\\/logo.jpg\",\"contentUrl\":\"https:\\\/\\\/www.maison44.ro\\\/media\\\/logo.jpg\",\"width\":1000,\"height\":1000,\"caption\":\"maison44\"},\"image\":{\"@id\":\"https:\\\/\\\/www.maison44.ro\\\/#\\\/schema\\\/logo\\\/image\\\/\"}}]}<\/script>\n<!-- \/ Yoast SEO plugin. -->","yoast_head_json":{"title":"CRYSTAL SUIT - maison44","robots":{"index":"index","follow":"follow","max-snippet":"max-snippet:-1","max-image-preview":"max-image-preview:large","max-video-preview":"max-video-preview:-1"},"canonical":"https:\/\/www.maison44.ro\/ro\/produs\/crystal-suit\/","og_locale":"ro_RO","og_type":"article","og_title":"CRYSTAL SUIT - maison44","og_description":"Stunning nude set: crystal-embellished crop top with straps and a long mesh skirt layered over shorts. A bold yet elegant choice for parties and special occasions.","og_url":"https:\/\/www.maison44.ro\/ro\/produs\/crystal-suit\/","og_site_name":"maison44","article_modified_time":"2026-02-12T17:49:58+00:00","og_image":[{"width":900,"height":1200,"url":"https:\/\/www.maison44.ro\/media\/crystal-suit-nude.webp","type":"image\/webp"}],"twitter_card":"summary_large_image","twitter_misc":{"Timp estimat pentru citire":"1 minut"},"schema":{"@context":"https:\/\/schema.org","@graph":[{"@type":"WebPage","@id":"https:\/\/www.maison44.ro\/product\/crystal-suit\/","url":"https:\/\/www.maison44.ro\/product\/crystal-suit\/","name":"CRYSTAL SUIT - maison44","isPartOf":{"@id":"https:\/\/www.maison44.ro\/#website"},"primaryImageOfPage":{"@id":"https:\/\/www.maison44.ro\/product\/crystal-suit\/#primaryimage"},"image":{"@id":"https:\/\/www.maison44.ro\/product\/crystal-suit\/#primaryimage"},"thumbnailUrl":"https:\/\/www.maison44.ro\/media\/crystal-suit-nude.webp","datePublished":"2025-09-28T16:34:47+00:00","dateModified":"2026-02-12T17:49:58+00:00","breadcrumb":{"@id":"https:\/\/www.maison44.ro\/product\/crystal-suit\/#breadcrumb"},"inLanguage":"ro-RO","potentialAction":[{"@type":"ReadAction","target":["https:\/\/www.maison44.ro\/product\/crystal-suit\/"]}]},{"@type":"ImageObject","inLanguage":"ro-RO","@id":"https:\/\/www.maison44.ro\/product\/crystal-suit\/#primaryimage","url":"https:\/\/www.maison44.ro\/media\/crystal-suit-nude.webp","contentUrl":"https:\/\/www.maison44.ro\/media\/crystal-suit-nude.webp","width":900,"height":1200,"caption":"Crystal suit - nude top with skirt"},{"@type":"BreadcrumbList","@id":"https:\/\/www.maison44.ro\/product\/crystal-suit\/#breadcrumb","itemListElement":[{"@type":"ListItem","position":1,"name":"Home","item":"https:\/\/www.maison44.ro\/"},{"@type":"ListItem","position":2,"name":"Catalog","item":"https:\/\/www.maison44.ro\/catalog\/"},{"@type":"ListItem","position":3,"name":"CRYSTAL SUIT"}]},{"@type":"WebSite","@id":"https:\/\/www.maison44.ro\/#website","url":"https:\/\/www.maison44.ro\/","name":"maison44","description":"","publisher":{"@id":"https:\/\/www.maison44.ro\/#organization"},"potentialAction":[{"@type":"SearchAction","target":{"@type":"EntryPoint","urlTemplate":"https:\/\/www.maison44.ro\/?s={search_term_string}"},"query-input":{"@type":"PropertyValueSpecification","valueRequired":true,"valueName":"search_term_string"}}],"inLanguage":"ro-RO"},{"@type":"Organization","@id":"https:\/\/www.maison44.ro\/#organization","name":"maison44","url":"https:\/\/www.maison44.ro\/","logo":{"@type":"ImageObject","inLanguage":"ro-RO","@id":"https:\/\/www.maison44.ro\/#\/schema\/logo\/image\/","url":"https:\/\/www.maison44.ro\/media\/logo.jpg","contentUrl":"https:\/\/www.maison44.ro\/media\/logo.jpg","width":1000,"height":1000,"caption":"maison44"},"image":{"@id":"https:\/\/www.maison44.ro\/#\/schema\/logo\/image\/"}}]}},"_links":{"self":[{"href":"https:\/\/www.maison44.ro\/ro\/wp-json\/wp\/v2\/product\/248","targetHints":{"allow":["GET"]}}],"collection":[{"href":"https:\/\/www.maison44.ro\/ro\/wp-json\/wp\/v2\/product"}],"about":[{"href":"https:\/\/www.maison44.ro\/ro\/wp-json\/wp\/v2\/types\/product"}],"wp:featuredmedia":[{"embeddable":true,"href":"https:\/\/www.maison44.ro\/ro\/wp-json\/wp\/v2\/media\/249"}],"wp:attachment":[{"href":"https:\/\/www.maison44.ro\/ro\/wp-json\/wp\/v2\/media?parent=248"}],"wp:term":[{"taxonomy":"product_brand","embeddable":true,"href":"https:\/\/www.maison44.ro\/ro\/wp-json\/wp\/v2\/product_brand?post=248"},{"taxonomy":"product_cat","embeddable":true,"href":"https:\/\/www.maison44.ro\/ro\/wp-json\/wp\/v2\/product_cat?post=248"},{"taxonomy":"product_tag","embeddable":true,"href":"https:\/\/www.maison44.ro\/ro\/wp-json\/wp\/v2\/product_tag?post=248"}],"curies":[{"name":"wp","href":"https:\/\/api.w.org\/{rel}","templated":true}]}}