{"id":343,"date":"2025-09-30T17:24:42","date_gmt":"2025-09-30T14:24:42","guid":{"rendered":"https:\/\/www.maison44.ro\/?post_type=product&#038;p=343"},"modified":"2026-02-12T19:45:41","modified_gmt":"2026-02-12T17:45:41","slug":"bant-skirt","status":"publish","type":"product","link":"https:\/\/www.maison44.ro\/ro\/produs\/bant-skirt\/","title":{"rendered":"FUST\u0102 BANT"},"content":{"rendered":"","protected":false},"excerpt":{"rendered":"<p>Fusta BANT \u2013 este o fust\u0103 modern\u0103 pentru femei, care \u00eembin\u0103 stilul, confortul \u0219i practicitatea. Lungimea mini ofer\u0103 un aer feminin \u0219i atr\u0103g\u0103tor, iar croiala clasic\u0103 eviden\u021biaz\u0103 silueta \u0219i adaug\u0103 elegan\u021b\u0103 oric\u0103rei \u021binute. Aceast\u0103 fust\u0103 mini va deveni un element versatil al garderobei, u\u0219or de asortat cu diverse topuri, bluze, sacouri sau pulovere, cre\u00e2nd \u021binute stilate pentru birou, plimb\u0103ri sau evenimente de sear\u0103.<\/p>","protected":false},"featured_media":345,"template":"","meta":[],"product_brand":[],"product_cat":[25],"product_tag":[],"class_list":{"0":"post-343","1":"product","2":"type-product","3":"status-publish","4":"has-post-thumbnail","6":"product_cat-skirts-shorts","8":"first","9":"instock","10":"shipping-taxable","11":"purchasable","12":"product-type-variable"},"yoast_head":"<!-- This site is optimized with the Yoast SEO plugin v27.6 - https:\/\/yoast.com\/product\/yoast-seo-wordpress\/ -->\n<title>BANT SKIRT - maison44<\/title>\n<meta name=\"robots\" content=\"index, follow, max-snippet:-1, max-image-preview:large, max-video-preview:-1\" \/>\n<link rel=\"canonical\" href=\"https:\/\/www.maison44.ro\/ro\/produs\/bant-skirt\/\" \/>\n<meta property=\"og:locale\" content=\"ro_RO\" \/>\n<meta property=\"og:type\" content=\"article\" \/>\n<meta property=\"og:title\" content=\"BANT SKIRT - maison44\" \/>\n<meta property=\"og:description\" content=\"The BANT skirt is a modern women\u2019s skirt that combines style, comfort, and practicality. Its mini length makes the look feminine and attractive, while the classic cut emphasizes the silhouette and adds elegance to any outfit. This mini skirt will become a versatile wardrobe piece, easily paired with various tops, blouses, blazers, or sweaters to create stylish looks for work, casual walks, or evening events.\" \/>\n<meta property=\"og:url\" content=\"https:\/\/www.maison44.ro\/ro\/produs\/bant-skirt\/\" \/>\n<meta property=\"og:site_name\" content=\"maison44\" \/>\n<meta property=\"article:modified_time\" content=\"2026-02-12T17:45:41+00:00\" \/>\n<meta property=\"og:image\" content=\"https:\/\/www.maison44.ro\/media\/bant-skirt-black-2.webp\" \/>\n\t<meta property=\"og:image:width\" content=\"900\" \/>\n\t<meta property=\"og:image:height\" content=\"1200\" \/>\n\t<meta property=\"og:image:type\" content=\"image\/webp\" \/>\n<meta name=\"twitter:card\" content=\"summary_large_image\" \/>\n<meta name=\"twitter:label1\" content=\"Timp estimat pentru citire\" \/>\n\t<meta name=\"twitter:data1\" content=\"1 minut\" \/>\n<script type=\"application\/ld+json\" class=\"yoast-schema-graph\">{\"@context\":\"https:\\\/\\\/schema.org\",\"@graph\":[{\"@type\":\"WebPage\",\"@id\":\"https:\\\/\\\/www.maison44.ro\\\/product\\\/bant-skirt\\\/\",\"url\":\"https:\\\/\\\/www.maison44.ro\\\/product\\\/bant-skirt\\\/\",\"name\":\"BANT SKIRT - maison44\",\"isPartOf\":{\"@id\":\"https:\\\/\\\/www.maison44.ro\\\/#website\"},\"primaryImageOfPage\":{\"@id\":\"https:\\\/\\\/www.maison44.ro\\\/product\\\/bant-skirt\\\/#primaryimage\"},\"image\":{\"@id\":\"https:\\\/\\\/www.maison44.ro\\\/product\\\/bant-skirt\\\/#primaryimage\"},\"thumbnailUrl\":\"https:\\\/\\\/www.maison44.ro\\\/media\\\/bant-skirt-black-2.webp\",\"datePublished\":\"2025-09-30T14:24:42+00:00\",\"dateModified\":\"2026-02-12T17:45:41+00:00\",\"breadcrumb\":{\"@id\":\"https:\\\/\\\/www.maison44.ro\\\/product\\\/bant-skirt\\\/#breadcrumb\"},\"inLanguage\":\"ro-RO\",\"potentialAction\":[{\"@type\":\"ReadAction\",\"target\":[\"https:\\\/\\\/www.maison44.ro\\\/product\\\/bant-skirt\\\/\"]}]},{\"@type\":\"ImageObject\",\"inLanguage\":\"ro-RO\",\"@id\":\"https:\\\/\\\/www.maison44.ro\\\/product\\\/bant-skirt\\\/#primaryimage\",\"url\":\"https:\\\/\\\/www.maison44.ro\\\/media\\\/bant-skirt-black-2.webp\",\"contentUrl\":\"https:\\\/\\\/www.maison44.ro\\\/media\\\/bant-skirt-black-2.webp\",\"width\":900,\"height\":1200,\"caption\":\"Bant skirt black\"},{\"@type\":\"BreadcrumbList\",\"@id\":\"https:\\\/\\\/www.maison44.ro\\\/product\\\/bant-skirt\\\/#breadcrumb\",\"itemListElement\":[{\"@type\":\"ListItem\",\"position\":1,\"name\":\"Home\",\"item\":\"https:\\\/\\\/www.maison44.ro\\\/\"},{\"@type\":\"ListItem\",\"position\":2,\"name\":\"Catalog\",\"item\":\"https:\\\/\\\/www.maison44.ro\\\/catalog\\\/\"},{\"@type\":\"ListItem\",\"position\":3,\"name\":\"BANT SKIRT\"}]},{\"@type\":\"WebSite\",\"@id\":\"https:\\\/\\\/www.maison44.ro\\\/#website\",\"url\":\"https:\\\/\\\/www.maison44.ro\\\/\",\"name\":\"maison44\",\"description\":\"\",\"publisher\":{\"@id\":\"https:\\\/\\\/www.maison44.ro\\\/#organization\"},\"potentialAction\":[{\"@type\":\"SearchAction\",\"target\":{\"@type\":\"EntryPoint\",\"urlTemplate\":\"https:\\\/\\\/www.maison44.ro\\\/?s={search_term_string}\"},\"query-input\":{\"@type\":\"PropertyValueSpecification\",\"valueRequired\":true,\"valueName\":\"search_term_string\"}}],\"inLanguage\":\"ro-RO\"},{\"@type\":\"Organization\",\"@id\":\"https:\\\/\\\/www.maison44.ro\\\/#organization\",\"name\":\"maison44\",\"url\":\"https:\\\/\\\/www.maison44.ro\\\/\",\"logo\":{\"@type\":\"ImageObject\",\"inLanguage\":\"ro-RO\",\"@id\":\"https:\\\/\\\/www.maison44.ro\\\/#\\\/schema\\\/logo\\\/image\\\/\",\"url\":\"https:\\\/\\\/www.maison44.ro\\\/media\\\/logo.jpg\",\"contentUrl\":\"https:\\\/\\\/www.maison44.ro\\\/media\\\/logo.jpg\",\"width\":1000,\"height\":1000,\"caption\":\"maison44\"},\"image\":{\"@id\":\"https:\\\/\\\/www.maison44.ro\\\/#\\\/schema\\\/logo\\\/image\\\/\"}}]}<\/script>\n<!-- \/ Yoast SEO plugin. -->","yoast_head_json":{"title":"BANT SKIRT - maison44","robots":{"index":"index","follow":"follow","max-snippet":"max-snippet:-1","max-image-preview":"max-image-preview:large","max-video-preview":"max-video-preview:-1"},"canonical":"https:\/\/www.maison44.ro\/ro\/produs\/bant-skirt\/","og_locale":"ro_RO","og_type":"article","og_title":"BANT SKIRT - maison44","og_description":"The BANT skirt is a modern women\u2019s skirt that combines style, comfort, and practicality. Its mini length makes the look feminine and attractive, while the classic cut emphasizes the silhouette and adds elegance to any outfit. This mini skirt will become a versatile wardrobe piece, easily paired with various tops, blouses, blazers, or sweaters to create stylish looks for work, casual walks, or evening events.","og_url":"https:\/\/www.maison44.ro\/ro\/produs\/bant-skirt\/","og_site_name":"maison44","article_modified_time":"2026-02-12T17:45:41+00:00","og_image":[{"width":900,"height":1200,"url":"https:\/\/www.maison44.ro\/media\/bant-skirt-black-2.webp","type":"image\/webp"}],"twitter_card":"summary_large_image","twitter_misc":{"Timp estimat pentru citire":"1 minut"},"schema":{"@context":"https:\/\/schema.org","@graph":[{"@type":"WebPage","@id":"https:\/\/www.maison44.ro\/product\/bant-skirt\/","url":"https:\/\/www.maison44.ro\/product\/bant-skirt\/","name":"BANT SKIRT - maison44","isPartOf":{"@id":"https:\/\/www.maison44.ro\/#website"},"primaryImageOfPage":{"@id":"https:\/\/www.maison44.ro\/product\/bant-skirt\/#primaryimage"},"image":{"@id":"https:\/\/www.maison44.ro\/product\/bant-skirt\/#primaryimage"},"thumbnailUrl":"https:\/\/www.maison44.ro\/media\/bant-skirt-black-2.webp","datePublished":"2025-09-30T14:24:42+00:00","dateModified":"2026-02-12T17:45:41+00:00","breadcrumb":{"@id":"https:\/\/www.maison44.ro\/product\/bant-skirt\/#breadcrumb"},"inLanguage":"ro-RO","potentialAction":[{"@type":"ReadAction","target":["https:\/\/www.maison44.ro\/product\/bant-skirt\/"]}]},{"@type":"ImageObject","inLanguage":"ro-RO","@id":"https:\/\/www.maison44.ro\/product\/bant-skirt\/#primaryimage","url":"https:\/\/www.maison44.ro\/media\/bant-skirt-black-2.webp","contentUrl":"https:\/\/www.maison44.ro\/media\/bant-skirt-black-2.webp","width":900,"height":1200,"caption":"Bant skirt black"},{"@type":"BreadcrumbList","@id":"https:\/\/www.maison44.ro\/product\/bant-skirt\/#breadcrumb","itemListElement":[{"@type":"ListItem","position":1,"name":"Home","item":"https:\/\/www.maison44.ro\/"},{"@type":"ListItem","position":2,"name":"Catalog","item":"https:\/\/www.maison44.ro\/catalog\/"},{"@type":"ListItem","position":3,"name":"BANT SKIRT"}]},{"@type":"WebSite","@id":"https:\/\/www.maison44.ro\/#website","url":"https:\/\/www.maison44.ro\/","name":"maison44","description":"","publisher":{"@id":"https:\/\/www.maison44.ro\/#organization"},"potentialAction":[{"@type":"SearchAction","target":{"@type":"EntryPoint","urlTemplate":"https:\/\/www.maison44.ro\/?s={search_term_string}"},"query-input":{"@type":"PropertyValueSpecification","valueRequired":true,"valueName":"search_term_string"}}],"inLanguage":"ro-RO"},{"@type":"Organization","@id":"https:\/\/www.maison44.ro\/#organization","name":"maison44","url":"https:\/\/www.maison44.ro\/","logo":{"@type":"ImageObject","inLanguage":"ro-RO","@id":"https:\/\/www.maison44.ro\/#\/schema\/logo\/image\/","url":"https:\/\/www.maison44.ro\/media\/logo.jpg","contentUrl":"https:\/\/www.maison44.ro\/media\/logo.jpg","width":1000,"height":1000,"caption":"maison44"},"image":{"@id":"https:\/\/www.maison44.ro\/#\/schema\/logo\/image\/"}}]}},"_links":{"self":[{"href":"https:\/\/www.maison44.ro\/ro\/wp-json\/wp\/v2\/product\/343","targetHints":{"allow":["GET"]}}],"collection":[{"href":"https:\/\/www.maison44.ro\/ro\/wp-json\/wp\/v2\/product"}],"about":[{"href":"https:\/\/www.maison44.ro\/ro\/wp-json\/wp\/v2\/types\/product"}],"wp:featuredmedia":[{"embeddable":true,"href":"https:\/\/www.maison44.ro\/ro\/wp-json\/wp\/v2\/media\/345"}],"wp:attachment":[{"href":"https:\/\/www.maison44.ro\/ro\/wp-json\/wp\/v2\/media?parent=343"}],"wp:term":[{"taxonomy":"product_brand","embeddable":true,"href":"https:\/\/www.maison44.ro\/ro\/wp-json\/wp\/v2\/product_brand?post=343"},{"taxonomy":"product_cat","embeddable":true,"href":"https:\/\/www.maison44.ro\/ro\/wp-json\/wp\/v2\/product_cat?post=343"},{"taxonomy":"product_tag","embeddable":true,"href":"https:\/\/www.maison44.ro\/ro\/wp-json\/wp\/v2\/product_tag?post=343"}],"curies":[{"name":"wp","href":"https:\/\/api.w.org\/{rel}","templated":true}]}}