{"id":434,"date":"2025-09-30T22:22:53","date_gmt":"2025-09-30T19:22:53","guid":{"rendered":"https:\/\/www.maison44.ro\/?post_type=product&#038;p=434"},"modified":"2026-02-12T19:44:30","modified_gmt":"2026-02-12T17:44:30","slug":"air-top","status":"publish","type":"product","link":"https:\/\/www.maison44.ro\/ro\/produs\/air-top\/","title":{"rendered":"TOP AIR"},"content":{"rendered":"","protected":false},"excerpt":{"rendered":"<p>Topul Air este o pies\u0103 elegant\u0103 \u0219i rafinat\u0103, cu un decolteu p\u0103trat \u0219i bretele decorate cu volane fine. Panglicile lungi \u0219i decorative adaug\u0103 un accent sofisticat \u0219i permit diverse stiliz\u0103ri, subliniind feminitatea \u0219i lejeritatea \u021binutei. \u021aes\u0103tura pl\u0103cut\u0103 la atingere \u0219i croiala atent realizat\u0103 ofer\u0103 confort deplin la purtare.\n\nSe potrive\u0219te perfect at\u00e2t cu fuste, c\u00e2t \u0219i cu pantaloni sau blugi, complet\u00e2nd at\u00e2t \u021binutele de zi, c\u00e2t \u0219i pe cele de sear\u0103.<\/p>\n<p>Perfectly pairs with skirts, trousers, or jeans, making it a statement piece for both casual and evening looks.<\/p>","protected":false},"featured_media":435,"template":"","meta":[],"product_brand":[],"product_cat":[22],"product_tag":[],"class_list":{"0":"post-434","1":"product","2":"type-product","3":"status-publish","4":"has-post-thumbnail","6":"product_cat-tops-corsets","8":"first","9":"instock","10":"shipping-taxable","11":"purchasable","12":"product-type-variable"},"yoast_head":"<!-- This site is optimized with the Yoast SEO plugin v27.6 - https:\/\/yoast.com\/product\/yoast-seo-wordpress\/ -->\n<title>AIR TOP - maison44<\/title>\n<meta name=\"robots\" content=\"index, follow, max-snippet:-1, max-image-preview:large, max-video-preview:-1\" \/>\n<link rel=\"canonical\" href=\"https:\/\/www.maison44.ro\/ro\/produs\/air-top\/\" \/>\n<meta property=\"og:locale\" content=\"ro_RO\" \/>\n<meta property=\"og:type\" content=\"article\" \/>\n<meta property=\"og:title\" content=\"AIR TOP - maison44\" \/>\n<meta property=\"og:description\" content=\"The Air Top is a stylish and refined piece featuring a square neckline and elegant ruffled straps. Decorative long ties add a sophisticated touch and allow for versatile styling, highlighting femininity and effortless charm. The soft fabric and carefully designed fit ensure maximum comfort.  Perfectly pairs with skirts, trousers, or jeans, making it a statement piece for both casual and evening looks.\" \/>\n<meta property=\"og:url\" content=\"https:\/\/www.maison44.ro\/ro\/produs\/air-top\/\" \/>\n<meta property=\"og:site_name\" content=\"maison44\" \/>\n<meta property=\"article:modified_time\" content=\"2026-02-12T17:44:30+00:00\" \/>\n<meta property=\"og:image\" content=\"https:\/\/www.maison44.ro\/media\/air-top-black-brown.webp\" \/>\n\t<meta property=\"og:image:width\" content=\"788\" \/>\n\t<meta property=\"og:image:height\" content=\"1050\" \/>\n\t<meta property=\"og:image:type\" content=\"image\/webp\" \/>\n<meta name=\"twitter:card\" content=\"summary_large_image\" \/>\n<meta name=\"twitter:label1\" content=\"Timp estimat pentru citire\" \/>\n\t<meta name=\"twitter:data1\" content=\"1 minut\" \/>\n<script type=\"application\/ld+json\" class=\"yoast-schema-graph\">{\"@context\":\"https:\\\/\\\/schema.org\",\"@graph\":[{\"@type\":\"WebPage\",\"@id\":\"https:\\\/\\\/www.maison44.ro\\\/product\\\/air-top\\\/\",\"url\":\"https:\\\/\\\/www.maison44.ro\\\/product\\\/air-top\\\/\",\"name\":\"AIR TOP - maison44\",\"isPartOf\":{\"@id\":\"https:\\\/\\\/www.maison44.ro\\\/#website\"},\"primaryImageOfPage\":{\"@id\":\"https:\\\/\\\/www.maison44.ro\\\/product\\\/air-top\\\/#primaryimage\"},\"image\":{\"@id\":\"https:\\\/\\\/www.maison44.ro\\\/product\\\/air-top\\\/#primaryimage\"},\"thumbnailUrl\":\"https:\\\/\\\/www.maison44.ro\\\/media\\\/air-top-black-brown.webp\",\"datePublished\":\"2025-09-30T19:22:53+00:00\",\"dateModified\":\"2026-02-12T17:44:30+00:00\",\"breadcrumb\":{\"@id\":\"https:\\\/\\\/www.maison44.ro\\\/product\\\/air-top\\\/#breadcrumb\"},\"inLanguage\":\"ro-RO\",\"potentialAction\":[{\"@type\":\"ReadAction\",\"target\":[\"https:\\\/\\\/www.maison44.ro\\\/product\\\/air-top\\\/\"]}]},{\"@type\":\"ImageObject\",\"inLanguage\":\"ro-RO\",\"@id\":\"https:\\\/\\\/www.maison44.ro\\\/product\\\/air-top\\\/#primaryimage\",\"url\":\"https:\\\/\\\/www.maison44.ro\\\/media\\\/air-top-black-brown.webp\",\"contentUrl\":\"https:\\\/\\\/www.maison44.ro\\\/media\\\/air-top-black-brown.webp\",\"width\":788,\"height\":1050,\"caption\":\"Air top black - brown\"},{\"@type\":\"BreadcrumbList\",\"@id\":\"https:\\\/\\\/www.maison44.ro\\\/product\\\/air-top\\\/#breadcrumb\",\"itemListElement\":[{\"@type\":\"ListItem\",\"position\":1,\"name\":\"Home\",\"item\":\"https:\\\/\\\/www.maison44.ro\\\/\"},{\"@type\":\"ListItem\",\"position\":2,\"name\":\"Catalog\",\"item\":\"https:\\\/\\\/www.maison44.ro\\\/catalog\\\/\"},{\"@type\":\"ListItem\",\"position\":3,\"name\":\"AIR TOP\"}]},{\"@type\":\"WebSite\",\"@id\":\"https:\\\/\\\/www.maison44.ro\\\/#website\",\"url\":\"https:\\\/\\\/www.maison44.ro\\\/\",\"name\":\"maison44\",\"description\":\"\",\"publisher\":{\"@id\":\"https:\\\/\\\/www.maison44.ro\\\/#organization\"},\"potentialAction\":[{\"@type\":\"SearchAction\",\"target\":{\"@type\":\"EntryPoint\",\"urlTemplate\":\"https:\\\/\\\/www.maison44.ro\\\/?s={search_term_string}\"},\"query-input\":{\"@type\":\"PropertyValueSpecification\",\"valueRequired\":true,\"valueName\":\"search_term_string\"}}],\"inLanguage\":\"ro-RO\"},{\"@type\":\"Organization\",\"@id\":\"https:\\\/\\\/www.maison44.ro\\\/#organization\",\"name\":\"maison44\",\"url\":\"https:\\\/\\\/www.maison44.ro\\\/\",\"logo\":{\"@type\":\"ImageObject\",\"inLanguage\":\"ro-RO\",\"@id\":\"https:\\\/\\\/www.maison44.ro\\\/#\\\/schema\\\/logo\\\/image\\\/\",\"url\":\"https:\\\/\\\/www.maison44.ro\\\/media\\\/logo.jpg\",\"contentUrl\":\"https:\\\/\\\/www.maison44.ro\\\/media\\\/logo.jpg\",\"width\":1000,\"height\":1000,\"caption\":\"maison44\"},\"image\":{\"@id\":\"https:\\\/\\\/www.maison44.ro\\\/#\\\/schema\\\/logo\\\/image\\\/\"}}]}<\/script>\n<!-- \/ Yoast SEO plugin. -->","yoast_head_json":{"title":"AIR TOP - maison44","robots":{"index":"index","follow":"follow","max-snippet":"max-snippet:-1","max-image-preview":"max-image-preview:large","max-video-preview":"max-video-preview:-1"},"canonical":"https:\/\/www.maison44.ro\/ro\/produs\/air-top\/","og_locale":"ro_RO","og_type":"article","og_title":"AIR TOP - maison44","og_description":"The Air Top is a stylish and refined piece featuring a square neckline and elegant ruffled straps. Decorative long ties add a sophisticated touch and allow for versatile styling, highlighting femininity and effortless charm. The soft fabric and carefully designed fit ensure maximum comfort.  Perfectly pairs with skirts, trousers, or jeans, making it a statement piece for both casual and evening looks.","og_url":"https:\/\/www.maison44.ro\/ro\/produs\/air-top\/","og_site_name":"maison44","article_modified_time":"2026-02-12T17:44:30+00:00","og_image":[{"width":788,"height":1050,"url":"https:\/\/www.maison44.ro\/media\/air-top-black-brown.webp","type":"image\/webp"}],"twitter_card":"summary_large_image","twitter_misc":{"Timp estimat pentru citire":"1 minut"},"schema":{"@context":"https:\/\/schema.org","@graph":[{"@type":"WebPage","@id":"https:\/\/www.maison44.ro\/product\/air-top\/","url":"https:\/\/www.maison44.ro\/product\/air-top\/","name":"AIR TOP - maison44","isPartOf":{"@id":"https:\/\/www.maison44.ro\/#website"},"primaryImageOfPage":{"@id":"https:\/\/www.maison44.ro\/product\/air-top\/#primaryimage"},"image":{"@id":"https:\/\/www.maison44.ro\/product\/air-top\/#primaryimage"},"thumbnailUrl":"https:\/\/www.maison44.ro\/media\/air-top-black-brown.webp","datePublished":"2025-09-30T19:22:53+00:00","dateModified":"2026-02-12T17:44:30+00:00","breadcrumb":{"@id":"https:\/\/www.maison44.ro\/product\/air-top\/#breadcrumb"},"inLanguage":"ro-RO","potentialAction":[{"@type":"ReadAction","target":["https:\/\/www.maison44.ro\/product\/air-top\/"]}]},{"@type":"ImageObject","inLanguage":"ro-RO","@id":"https:\/\/www.maison44.ro\/product\/air-top\/#primaryimage","url":"https:\/\/www.maison44.ro\/media\/air-top-black-brown.webp","contentUrl":"https:\/\/www.maison44.ro\/media\/air-top-black-brown.webp","width":788,"height":1050,"caption":"Air top black - brown"},{"@type":"BreadcrumbList","@id":"https:\/\/www.maison44.ro\/product\/air-top\/#breadcrumb","itemListElement":[{"@type":"ListItem","position":1,"name":"Home","item":"https:\/\/www.maison44.ro\/"},{"@type":"ListItem","position":2,"name":"Catalog","item":"https:\/\/www.maison44.ro\/catalog\/"},{"@type":"ListItem","position":3,"name":"AIR TOP"}]},{"@type":"WebSite","@id":"https:\/\/www.maison44.ro\/#website","url":"https:\/\/www.maison44.ro\/","name":"maison44","description":"","publisher":{"@id":"https:\/\/www.maison44.ro\/#organization"},"potentialAction":[{"@type":"SearchAction","target":{"@type":"EntryPoint","urlTemplate":"https:\/\/www.maison44.ro\/?s={search_term_string}"},"query-input":{"@type":"PropertyValueSpecification","valueRequired":true,"valueName":"search_term_string"}}],"inLanguage":"ro-RO"},{"@type":"Organization","@id":"https:\/\/www.maison44.ro\/#organization","name":"maison44","url":"https:\/\/www.maison44.ro\/","logo":{"@type":"ImageObject","inLanguage":"ro-RO","@id":"https:\/\/www.maison44.ro\/#\/schema\/logo\/image\/","url":"https:\/\/www.maison44.ro\/media\/logo.jpg","contentUrl":"https:\/\/www.maison44.ro\/media\/logo.jpg","width":1000,"height":1000,"caption":"maison44"},"image":{"@id":"https:\/\/www.maison44.ro\/#\/schema\/logo\/image\/"}}]}},"_links":{"self":[{"href":"https:\/\/www.maison44.ro\/ro\/wp-json\/wp\/v2\/product\/434","targetHints":{"allow":["GET"]}}],"collection":[{"href":"https:\/\/www.maison44.ro\/ro\/wp-json\/wp\/v2\/product"}],"about":[{"href":"https:\/\/www.maison44.ro\/ro\/wp-json\/wp\/v2\/types\/product"}],"wp:featuredmedia":[{"embeddable":true,"href":"https:\/\/www.maison44.ro\/ro\/wp-json\/wp\/v2\/media\/435"}],"wp:attachment":[{"href":"https:\/\/www.maison44.ro\/ro\/wp-json\/wp\/v2\/media?parent=434"}],"wp:term":[{"taxonomy":"product_brand","embeddable":true,"href":"https:\/\/www.maison44.ro\/ro\/wp-json\/wp\/v2\/product_brand?post=434"},{"taxonomy":"product_cat","embeddable":true,"href":"https:\/\/www.maison44.ro\/ro\/wp-json\/wp\/v2\/product_cat?post=434"},{"taxonomy":"product_tag","embeddable":true,"href":"https:\/\/www.maison44.ro\/ro\/wp-json\/wp\/v2\/product_tag?post=434"}],"curies":[{"name":"wp","href":"https:\/\/api.w.org\/{rel}","templated":true}]}}