{"id":913,"date":"2025-10-23T00:57:46","date_gmt":"2025-10-22T21:57:46","guid":{"rendered":"https:\/\/www.maison44.ro\/?post_type=product&#038;p=913"},"modified":"2026-02-12T22:31:56","modified_gmt":"2026-02-12T20:31:56","slug":"powder-pink-blazer-and-skirt","status":"publish","type":"product","link":"https:\/\/www.maison44.ro\/ro\/produs\/powder-pink-blazer-and-skirt\/","title":{"rendered":"SACOU \u0218I FUST\u0102 ROZ PUDR\u0102"},"content":{"rendered":"","protected":false},"excerpt":{"rendered":"<p>Elegant \u0219i atemporal \u2014 acest costum crem cu sacou eviden\u021biaz\u0103 feminitatea \u0219i \u00eencrederea celei care \u00eel poart\u0103. Silueta structurat\u0103 \u0219i fusta mini creeaz\u0103 un echilibru perfect \u00eentre rafinament \u0219i senzualitate. Ideal pentru evenimente de sear\u0103, \u00eent\u00e2lniri sau o cin\u0103 elegant\u0103.<\/p>","protected":false},"featured_media":916,"template":"","meta":[],"product_brand":[],"product_cat":[20],"product_tag":[],"class_list":{"0":"post-913","1":"product","2":"type-product","3":"status-publish","4":"has-post-thumbnail","6":"product_cat-suits","8":"first","9":"instock","10":"shipping-taxable","11":"purchasable","12":"product-type-variable","13":"has-default-attributes"},"yoast_head":"<!-- This site is optimized with the Yoast SEO plugin v27.6 - https:\/\/yoast.com\/product\/yoast-seo-wordpress\/ -->\n<title>POWDER PINK BLAZER AND SKIRT - maison44<\/title>\n<meta name=\"robots\" content=\"index, follow, max-snippet:-1, max-image-preview:large, max-video-preview:-1\" \/>\n<link rel=\"canonical\" href=\"https:\/\/www.maison44.ro\/ro\/produs\/powder-pink-blazer-and-skirt\/\" \/>\n<meta property=\"og:locale\" content=\"ro_RO\" \/>\n<meta property=\"og:type\" content=\"article\" \/>\n<meta property=\"og:title\" content=\"POWDER PINK BLAZER AND SKIRT - maison44\" \/>\n<meta property=\"og:description\" content=\"Elegant and timeless - this cream blazer suit highlights the femininity and confidence of its owner. The structured silhouette and mini skirt create a perfect balance between sophistication and allure. Ideal for evening events, meetings, or a stylish dinner.\" \/>\n<meta property=\"og:url\" content=\"https:\/\/www.maison44.ro\/ro\/produs\/powder-pink-blazer-and-skirt\/\" \/>\n<meta property=\"og:site_name\" content=\"maison44\" \/>\n<meta property=\"article:modified_time\" content=\"2026-02-12T20:31:56+00:00\" \/>\n<meta property=\"og:image\" content=\"https:\/\/www.maison44.ro\/media\/powder-pink-blazer-and-skirt.webp\" \/>\n\t<meta property=\"og:image:width\" content=\"1800\" \/>\n\t<meta property=\"og:image:height\" content=\"2400\" \/>\n\t<meta property=\"og:image:type\" content=\"image\/webp\" \/>\n<meta name=\"twitter:card\" content=\"summary_large_image\" \/>\n<meta name=\"twitter:label1\" content=\"Timp estimat pentru citire\" \/>\n\t<meta name=\"twitter:data1\" content=\"1 minut\" \/>\n<script type=\"application\/ld+json\" class=\"yoast-schema-graph\">{\"@context\":\"https:\\\/\\\/schema.org\",\"@graph\":[{\"@type\":\"WebPage\",\"@id\":\"https:\\\/\\\/www.maison44.ro\\\/product\\\/powder-pink-blazer-and-skirt\\\/\",\"url\":\"https:\\\/\\\/www.maison44.ro\\\/product\\\/powder-pink-blazer-and-skirt\\\/\",\"name\":\"POWDER PINK BLAZER AND SKIRT - maison44\",\"isPartOf\":{\"@id\":\"https:\\\/\\\/www.maison44.ro\\\/#website\"},\"primaryImageOfPage\":{\"@id\":\"https:\\\/\\\/www.maison44.ro\\\/product\\\/powder-pink-blazer-and-skirt\\\/#primaryimage\"},\"image\":{\"@id\":\"https:\\\/\\\/www.maison44.ro\\\/product\\\/powder-pink-blazer-and-skirt\\\/#primaryimage\"},\"thumbnailUrl\":\"https:\\\/\\\/www.maison44.ro\\\/media\\\/powder-pink-blazer-and-skirt.webp\",\"datePublished\":\"2025-10-22T21:57:46+00:00\",\"dateModified\":\"2026-02-12T20:31:56+00:00\",\"breadcrumb\":{\"@id\":\"https:\\\/\\\/www.maison44.ro\\\/product\\\/powder-pink-blazer-and-skirt\\\/#breadcrumb\"},\"inLanguage\":\"ro-RO\",\"potentialAction\":[{\"@type\":\"ReadAction\",\"target\":[\"https:\\\/\\\/www.maison44.ro\\\/product\\\/powder-pink-blazer-and-skirt\\\/\"]}]},{\"@type\":\"ImageObject\",\"inLanguage\":\"ro-RO\",\"@id\":\"https:\\\/\\\/www.maison44.ro\\\/product\\\/powder-pink-blazer-and-skirt\\\/#primaryimage\",\"url\":\"https:\\\/\\\/www.maison44.ro\\\/media\\\/powder-pink-blazer-and-skirt.webp\",\"contentUrl\":\"https:\\\/\\\/www.maison44.ro\\\/media\\\/powder-pink-blazer-and-skirt.webp\",\"width\":1800,\"height\":2400,\"caption\":\"POWDER PINK BLAZER AND SKIRT\"},{\"@type\":\"BreadcrumbList\",\"@id\":\"https:\\\/\\\/www.maison44.ro\\\/product\\\/powder-pink-blazer-and-skirt\\\/#breadcrumb\",\"itemListElement\":[{\"@type\":\"ListItem\",\"position\":1,\"name\":\"Home\",\"item\":\"https:\\\/\\\/www.maison44.ro\\\/\"},{\"@type\":\"ListItem\",\"position\":2,\"name\":\"Catalog\",\"item\":\"https:\\\/\\\/www.maison44.ro\\\/catalog\\\/\"},{\"@type\":\"ListItem\",\"position\":3,\"name\":\"POWDER PINK BLAZER AND SKIRT\"}]},{\"@type\":\"WebSite\",\"@id\":\"https:\\\/\\\/www.maison44.ro\\\/#website\",\"url\":\"https:\\\/\\\/www.maison44.ro\\\/\",\"name\":\"maison44\",\"description\":\"\",\"publisher\":{\"@id\":\"https:\\\/\\\/www.maison44.ro\\\/#organization\"},\"potentialAction\":[{\"@type\":\"SearchAction\",\"target\":{\"@type\":\"EntryPoint\",\"urlTemplate\":\"https:\\\/\\\/www.maison44.ro\\\/?s={search_term_string}\"},\"query-input\":{\"@type\":\"PropertyValueSpecification\",\"valueRequired\":true,\"valueName\":\"search_term_string\"}}],\"inLanguage\":\"ro-RO\"},{\"@type\":\"Organization\",\"@id\":\"https:\\\/\\\/www.maison44.ro\\\/#organization\",\"name\":\"maison44\",\"url\":\"https:\\\/\\\/www.maison44.ro\\\/\",\"logo\":{\"@type\":\"ImageObject\",\"inLanguage\":\"ro-RO\",\"@id\":\"https:\\\/\\\/www.maison44.ro\\\/#\\\/schema\\\/logo\\\/image\\\/\",\"url\":\"https:\\\/\\\/www.maison44.ro\\\/media\\\/logo.jpg\",\"contentUrl\":\"https:\\\/\\\/www.maison44.ro\\\/media\\\/logo.jpg\",\"width\":1000,\"height\":1000,\"caption\":\"maison44\"},\"image\":{\"@id\":\"https:\\\/\\\/www.maison44.ro\\\/#\\\/schema\\\/logo\\\/image\\\/\"}}]}<\/script>\n<!-- \/ Yoast SEO plugin. -->","yoast_head_json":{"title":"POWDER PINK BLAZER AND SKIRT - maison44","robots":{"index":"index","follow":"follow","max-snippet":"max-snippet:-1","max-image-preview":"max-image-preview:large","max-video-preview":"max-video-preview:-1"},"canonical":"https:\/\/www.maison44.ro\/ro\/produs\/powder-pink-blazer-and-skirt\/","og_locale":"ro_RO","og_type":"article","og_title":"POWDER PINK BLAZER AND SKIRT - maison44","og_description":"Elegant and timeless - this cream blazer suit highlights the femininity and confidence of its owner. The structured silhouette and mini skirt create a perfect balance between sophistication and allure. Ideal for evening events, meetings, or a stylish dinner.","og_url":"https:\/\/www.maison44.ro\/ro\/produs\/powder-pink-blazer-and-skirt\/","og_site_name":"maison44","article_modified_time":"2026-02-12T20:31:56+00:00","og_image":[{"width":1800,"height":2400,"url":"https:\/\/www.maison44.ro\/media\/powder-pink-blazer-and-skirt.webp","type":"image\/webp"}],"twitter_card":"summary_large_image","twitter_misc":{"Timp estimat pentru citire":"1 minut"},"schema":{"@context":"https:\/\/schema.org","@graph":[{"@type":"WebPage","@id":"https:\/\/www.maison44.ro\/product\/powder-pink-blazer-and-skirt\/","url":"https:\/\/www.maison44.ro\/product\/powder-pink-blazer-and-skirt\/","name":"POWDER PINK BLAZER AND SKIRT - maison44","isPartOf":{"@id":"https:\/\/www.maison44.ro\/#website"},"primaryImageOfPage":{"@id":"https:\/\/www.maison44.ro\/product\/powder-pink-blazer-and-skirt\/#primaryimage"},"image":{"@id":"https:\/\/www.maison44.ro\/product\/powder-pink-blazer-and-skirt\/#primaryimage"},"thumbnailUrl":"https:\/\/www.maison44.ro\/media\/powder-pink-blazer-and-skirt.webp","datePublished":"2025-10-22T21:57:46+00:00","dateModified":"2026-02-12T20:31:56+00:00","breadcrumb":{"@id":"https:\/\/www.maison44.ro\/product\/powder-pink-blazer-and-skirt\/#breadcrumb"},"inLanguage":"ro-RO","potentialAction":[{"@type":"ReadAction","target":["https:\/\/www.maison44.ro\/product\/powder-pink-blazer-and-skirt\/"]}]},{"@type":"ImageObject","inLanguage":"ro-RO","@id":"https:\/\/www.maison44.ro\/product\/powder-pink-blazer-and-skirt\/#primaryimage","url":"https:\/\/www.maison44.ro\/media\/powder-pink-blazer-and-skirt.webp","contentUrl":"https:\/\/www.maison44.ro\/media\/powder-pink-blazer-and-skirt.webp","width":1800,"height":2400,"caption":"POWDER PINK BLAZER AND SKIRT"},{"@type":"BreadcrumbList","@id":"https:\/\/www.maison44.ro\/product\/powder-pink-blazer-and-skirt\/#breadcrumb","itemListElement":[{"@type":"ListItem","position":1,"name":"Home","item":"https:\/\/www.maison44.ro\/"},{"@type":"ListItem","position":2,"name":"Catalog","item":"https:\/\/www.maison44.ro\/catalog\/"},{"@type":"ListItem","position":3,"name":"POWDER PINK BLAZER AND SKIRT"}]},{"@type":"WebSite","@id":"https:\/\/www.maison44.ro\/#website","url":"https:\/\/www.maison44.ro\/","name":"maison44","description":"","publisher":{"@id":"https:\/\/www.maison44.ro\/#organization"},"potentialAction":[{"@type":"SearchAction","target":{"@type":"EntryPoint","urlTemplate":"https:\/\/www.maison44.ro\/?s={search_term_string}"},"query-input":{"@type":"PropertyValueSpecification","valueRequired":true,"valueName":"search_term_string"}}],"inLanguage":"ro-RO"},{"@type":"Organization","@id":"https:\/\/www.maison44.ro\/#organization","name":"maison44","url":"https:\/\/www.maison44.ro\/","logo":{"@type":"ImageObject","inLanguage":"ro-RO","@id":"https:\/\/www.maison44.ro\/#\/schema\/logo\/image\/","url":"https:\/\/www.maison44.ro\/media\/logo.jpg","contentUrl":"https:\/\/www.maison44.ro\/media\/logo.jpg","width":1000,"height":1000,"caption":"maison44"},"image":{"@id":"https:\/\/www.maison44.ro\/#\/schema\/logo\/image\/"}}]}},"_links":{"self":[{"href":"https:\/\/www.maison44.ro\/ro\/wp-json\/wp\/v2\/product\/913","targetHints":{"allow":["GET"]}}],"collection":[{"href":"https:\/\/www.maison44.ro\/ro\/wp-json\/wp\/v2\/product"}],"about":[{"href":"https:\/\/www.maison44.ro\/ro\/wp-json\/wp\/v2\/types\/product"}],"wp:featuredmedia":[{"embeddable":true,"href":"https:\/\/www.maison44.ro\/ro\/wp-json\/wp\/v2\/media\/916"}],"wp:attachment":[{"href":"https:\/\/www.maison44.ro\/ro\/wp-json\/wp\/v2\/media?parent=913"}],"wp:term":[{"taxonomy":"product_brand","embeddable":true,"href":"https:\/\/www.maison44.ro\/ro\/wp-json\/wp\/v2\/product_brand?post=913"},{"taxonomy":"product_cat","embeddable":true,"href":"https:\/\/www.maison44.ro\/ro\/wp-json\/wp\/v2\/product_cat?post=913"},{"taxonomy":"product_tag","embeddable":true,"href":"https:\/\/www.maison44.ro\/ro\/wp-json\/wp\/v2\/product_tag?post=913"}],"curies":[{"name":"wp","href":"https:\/\/api.w.org\/{rel}","templated":true}]}}